{"id":45,"date":"2018-05-10T20:36:03","date_gmt":"2018-05-10T20:36:03","guid":{"rendered":"http:\/\/schierke.net\/?page_id=45"},"modified":"2018-05-12T14:10:14","modified_gmt":"2018-05-12T14:10:14","slug":"datenschutzerklaerung","status":"publish","type":"page","link":"https:\/\/schierke.net\/?page_id=45","title":{"rendered":"Datenschutzerkl\u00e4rung"},"content":{"rendered":"<h3><span style=\"font-size: 70%;\">Datenschutzerkl\u00e4rung<\/span><\/h3>\n<p><span style=\"text-decoration: underline;\"><span style=\"font-size: 110%;\">Geltungsbereich<\/span><\/span><br \/>\n<span style=\"font-size: 110%;\">Diese Datenschutzerkl\u00e4rung kl\u00e4rt Nutzer \u00fcber die Art, den Umfang und Zwecke der Erhebung und Verwendung personenbezogener Daten durch den verantwortlichen Anbieter Sven Borchardt, Kirchberg 3, 38879 Wernigerode\/ OT Schierke, Tel. 039455-589756, sb<a target=\"_blank\" rel=\"noopener\">[at]schierke.net<\/a>\u00a0auf dieser Website (im folgenden \u201cAngebot\u201d) auf.<\/span><\/p>\n<p><span style=\"font-size: 110%;\">Die rechtlichen Grundlagen des Datenschutzes finden sich im Bundesdatenschutzgesetz (BDSG) und dem Telemediengesetz (TMG).<\/span><\/p>\n<p><span style=\"text-decoration: underline;\"><span style=\"font-size: 110%;\">Zugriffsdaten\/ Server-Logfiles<\/span><\/span><br \/>\n<span style=\"font-size: 110%;\">Der Anbieter (beziehungsweise sein Webspace-Provider) erhebt Daten \u00fcber jeden Zugriff auf das Angebot (so genannte Serverlogfiles). Zu den Zugriffsdaten geh\u00f6ren:<\/span><\/p>\n<p><span style=\"font-size: 110%;\">Name der abgerufenen Webseite, Datei, Datum und Uhrzeit des Abrufs, \u00fcbertragene Datenmenge, Meldung \u00fcber erfolgreichen Abruf, Browsertyp nebst Version, das Betriebssystem des Nutzers, Referrer URL (die zuvor besuchte Seite), IP-Adresse und der anfragende Provider.<\/span><\/p>\n<p><span style=\"font-size: 110%;\">Der Anbieter verwendet die Protokolldaten nur f\u00fcr statistische Auswertungen zum Zweck des Betriebs, der Sicherheit und der Optimierung des Angebotes. Der Anbieterbeh\u00e4lt sich jedoch vor, die Protokolldaten nachtr\u00e4glich zu \u00fcberpr\u00fcfen, wenn aufgrund konkreter Anhaltspunkte der berechtigte Verdacht einer rechtswidrigen Nutzung besteht.<\/span><\/p>\n<p><span style=\"text-decoration: underline;\"><span style=\"font-size: 110%;\">Umgang mit personenbezogenen Daten<\/span><\/span><br \/>\n<span style=\"font-size: 110%;\">Personenbezogene Daten sind Informationen, mit deren Hilfe eine Person bestimmbar ist, also Angaben, die zur\u00fcck zu einer Person verfolgt werden k\u00f6nnen. Dazu geh\u00f6ren der Name, die Emailadresse oder die Telefonnummer. Aber auch Daten \u00fcber Vorlieben, Hobbies, Mitgliedschaften oder welche Webseiten von jemandem angesehen wurden z\u00e4hlen zu personenbezogenen Daten.<\/span><\/p>\n<p><span style=\"font-size: 110%;\">Personenbezogene Daten werden von dem Anbieter nur dann erhoben, genutzt und weiter gegeben, wenn dies gesetzlich erlaubt ist oder die Nutzer in die Datenerhebung einwilligen.<\/span><\/p>\n<p><span style=\"text-decoration: underline;\"><span style=\"font-size: 110%;\">Kontaktaufnahme<\/span><\/span><br \/>\n<span style=\"font-size: 110%;\">Bei der Kontaktaufnahme mit dem Anbieter (zum Beispiel per Kontaktformular oder E-Mail) werden die Angaben des Nutzers zwecks Bearbeitung der Anfrage sowie f\u00fcr den Fall, dass Anschlussfragen entstehen, gespeichert.<\/span><\/p>\n<p><span style=\"text-decoration: underline;\"><span style=\"font-size: 110%;\">Kommentare und Beitr\u00e4ge<\/span><\/span><br \/>\n<span style=\"font-size: 110%;\">Wenn Nutzer Kommentare im Blog oder sonstige Beitr\u00e4ge hinterlassen, werden ihre IP-Adressen nicht gespeichert. Gespeichert wird die Eamiladresse und der Name des Nutzers, sowie der Zeitpunkt des Absendens des Kommentars.<\/span><\/p>\n<p><span style=\"text-decoration: underline;\"><span style=\"font-size: 110%;\">Kommentarabonnements<\/span><\/span><br \/>\n<span style=\"font-size: 110%;\">Die Nachfolgekommentare k\u00f6nnen durch Nutzer abonniert werden. Die Nutzer erhalten eine Best\u00e4tigungsemail, um zu \u00fcberpr\u00fcfen, ob sie der Inhaber der eingegebenen Emailadresse sind. Nutzer k\u00f6nnen laufende Kommentarabonnements jederzeit abbestellen. Die Best\u00e4tigungsemail wird Hinweise dazu enthalten.<\/span><\/p>\n<p><span style=\"text-decoration: underline;\"><span style=\"font-size: 110%;\">Benachrichtigung bei Ver\u00f6ffentlichung neuer Beitr\u00e4ge und Seiten<\/span><\/span><br \/>\n<span style=\"font-size: 110%;\">Wenn Sie bei bei Ver\u00f6ffentlichung neuer Beitr\u00e4ge und Seiten automatisch per Email benachrichtigt werden m\u00f6chten, ben\u00f6tigen wir von Ihnen eine valide Email-Adresse sowie Informationen, die uns die \u00dcberpr\u00fcfung gestatten, dass Sie der Inhaber der angegebenen Email-Adresse sind bzw. deren Inhaber mit dem Empfang des Newsletters einverstanden ist. Weitere Daten werden nicht erhoben. Diese Daten werden nur f\u00fcr den Versand der Beanchrichtigung verwendet und werden nicht an Dritte weiter gegeben.<\/span><\/p>\n<p><span style=\"font-size: 110%;\">Mit der Anmeldung zur Benachrichtigung bei Ver\u00f6ffentlichung neuer Beitr\u00e4ge und Seiten speichern wir Ihre IP-Adresse und das Datum der Anmeldung. Diese Speicherung dient alleine dem Nachweis im Fall, dass ein Dritter eine Emailadresse missbraucht und sich ohne Wissen des Berechtigten f\u00fcr den Newsletterempfang anmeldet.<\/span><\/p>\n<p><span style=\"font-size: 110%;\">Ihre Einwilligung zur Speicherung der Daten, der Email-Adresse sowie deren Nutzung zur Benachrichtigung bei Ver\u00f6ffentlichung neuer Beitr\u00e4ge und Seiten k\u00f6nnen Sie jederzeit widerrufen. Der Widerruf kann \u00fcber einen Link in den Newslettern selbst, in Ihrem Profilbereich oder per Mitteilung an die oben stehenden Kontaktm\u00f6glichkeiten erfolgen.<\/span><\/p>\n<p><span style=\"text-decoration: underline;\"><span style=\"font-size: 110%;\">Einbindung von Diensten und Inhalten Dritter<\/span><\/span><br \/>\n<span style=\"font-size: 110%;\">Es kann vorkommen, dass innerhalb dieses Onlineangebotes Inhalte Dritter, wie zum Beispiel Videos von YouTube, Kartenmaterial von Google-Maps, RSS-Feeds, Tweets oder Grafiken von anderen Webseiten eingebunden werden. Dies setzt immer voraus, dass die Anbieter dieser Inhalte (nachfolgend bezeichnet als \u201eDritt-Anbieter\u201c) die IP-Adresse der Nutzer wahr nehmen. Denn ohne die IP-Adresse, k\u00f6nnten sie die Inhalte nicht an den Browser des jeweiligen Nutzers senden. Die IP-Adresse ist damit f\u00fcr die Darstellung dieser Inhalte erforderlich. Wir bem\u00fchen uns nur solche Inhalte zu verwenden, deren jeweilige Anbieter die IP-Adresse lediglich zur Auslieferung der Inhalte verwenden. Jedoch haben wir keinen Einfluss darauf, falls die Dritt-Anbieter die IP-Adresse z.B. f\u00fcr statistische Zwecke speichern. Soweit dies uns bekannt ist, kl\u00e4ren wir die Nutzer dar\u00fcber auf.<\/span><\/p>\n<p><span style=\"text-decoration: underline;\"><span style=\"font-size: 110%;\">Cookies<\/span><\/span><br \/>\n<span style=\"font-size: 110%;\">Cookies sind kleine Dateien, die es erm\u00f6glichen, auf dem Zugriffsger\u00e4t der Nutzer (PC, Smartphone o.\u00e4.) spezifische, auf das Ger\u00e4t bezogene Informationen zu speichern. Sie dienen zum einem der Benutzerfreundlichkeit von Webseiten und damit den Nutzern (z.B. Speicherung von Logindaten). Zum anderen dienen sie, um die statistische Daten der Webseitennutzung zu erfassen und sie zwecks Verbesserung des Angebotes analysieren zu k\u00f6nnen. Die Nutzer k\u00f6nnen auf den Einsatz der Cookies Einfluss nehmen. Die meisten Browser verf\u00fcgen eine Option mit der das Speichern von Cookies eingeschr\u00e4nkt oder komplett verhindert wird. Allerdings wird darauf hingewiesen, dass die Nutzung und insbesondere der Nutzungskomfort ohne Cookies eingeschr\u00e4nkt werden.<\/span><\/p>\n<p><span style=\"font-size: 110%;\">Sie k\u00f6nnen viele Online-Anzeigen-Cookies von Unternehmen \u00fcber die US-amerikanische Seite http:\/\/www.aboutads.info\/choices\/ oder die EU-Seite http:\/\/www.youronlinechoices.com\/uk\/your-ad-choices\/ verwalten.<\/span><\/p>\n<p><span style=\"text-decoration: underline;\"><span style=\"font-size: 110%;\">Registrierfunktion<\/span><\/span><br \/>\n<span style=\"font-size: 110%;\">Die im Rahmen der Registrierung eingegebenen Daten werden f\u00fcr die Zwecke der Nutzung des Angebotes verwendet. Die Nutzer k\u00f6nnen \u00fcber angebots- oder registrierungsrelevante Informationen, wie \u00c4nderungen des Angebotsumfangs oder technische Umst\u00e4nde per E-Mail informiert werden. Die erhobenen Daten sind aus der Eingabemaske im Rahmen der Registrierung ersichtlich. Dazu geh\u00f6ren Vorname,\u00a0 Name, Eamiladresse, IP-Nummer.<\/span><\/p>\n<p><span style=\"text-decoration: underline;\"><span style=\"font-size: 110%;\">Google Maps<\/span><\/span><br \/>\n<span style=\"font-size: 110%;\">Wir binden die Landkarten des Dienstes \u201cGoogle Maps\u201d des Anbieters Google LLC, 1600 Amphitheatre Parkway, Mountain View, CA 94043, USA, ein.\u00a0 Datenschutzerkl\u00e4rung:<\/span><br \/>\n<span style=\"font-size: 110%;\">https:\/\/www.google.com\/policies\/privacy\/,<\/span><br \/>\n<span style=\"font-size: 110%;\">Opt-Out: https:\/\/adssettings.google.com\/authenticated.<\/span><\/p>\n<p><span style=\"text-decoration: underline;\"><span style=\"font-size: 110%;\">Youtube<\/span><\/span><br \/>\n<span style=\"font-size: 110%;\">Wir binden die Videos der Plattform \u201cYouTube\u201d des Anbieters Google LLC, 1600 Amphitheatre Parkway, Mountain View, CA 94043, USA, ein. Datenschutzerkl\u00e4rung:<\/span><br \/>\n<span style=\"font-size: 110%;\">https:\/\/www.google.com\/policies\/privacy\/,<\/span><br \/>\n<span style=\"font-size: 110%;\">Opt-Out: https:\/\/adssettings.google.com\/authenticated.<\/span><\/p>\n<p><span style=\"text-decoration: underline;\"><span style=\"font-size: 110%;\">Google Analytics<\/span><\/span><br \/>\n<span style=\"font-size: 110%;\">Diese Website benutzt Google Analytics, einen Webanalysedienst der Google Inc. (\u201eGoogle\u201c). Google Analytics verwendet sog. \u201eCookies\u201c, Textdateien, die auf Ihrem Computer gespeichert werden und die eine Analyse der Benutzung der Website durch Sie erm\u00f6glichen. Die durch den Cookie erzeugten Informationen \u00fcber Ihre Benutzung dieser Website (einschlie\u00dflich Ihrer IP-Adresse) wird an einen Server von Google in den USA \u00fcbertragen und dort gespeichert. Google wird diese Informationen benutzen, um Ihre Nutzung der Website auszuwerten, um Reports \u00fcber die Websiteaktivit\u00e4ten f\u00fcr die Websitebetreiber zusammenzustellen und um weitere mit der Websitenutzung und der Internetnutzung verbundene Dienstleistungen zu erbringen. Auch wird Google diese Informationen gegebenenfalls an Dritte \u00fcbertragen, sofern dies gesetzlich vorgeschrieben oder soweit Dritte diese Daten im Auftrag von Google verarbeiten. Google wird in keinem Fall Ihre IP-Adresse mit anderen Daten von Google in Verbindung bringen. Sie k\u00f6nnen die Installation der Cookies durch eine entsprechende Einstellung Ihrer Browser Software verhindern; wir weisen Sie jedoch darauf hin, dass Sie in diesem Fall gegebenenfalls nicht s\u00e4mtliche Funktionen dieser Website vollumf\u00e4nglich nutzen k\u00f6nnen. Durch die Nutzung dieser Website erkl\u00e4ren Sie sich mit der Bearbeitung der \u00fcber Sie erhobenen Daten durch Google in der zuvor beschriebenen Art und Weise und zu dem zuvor benannten Zweck einverstanden. Der Datenerhebung und -speicherung kann jederzeit mit Wirkung f\u00fcr die Zukunft widersprochen [http:\/\/tools.google.com\/dlpage\/gaoptout?hl=de ] werden. Angesichts der Diskussion um den Einsatz von Analysetools mit vollst\u00e4ndigen IP-Adressen m\u00f6chten wir darauf hinweisen, dass diese Website Google Analytics mit der Erweiterung \u201e_anonymizeIp()\u201c verwendet und daher IP-Adressen nur gek\u00fcrzt weiterverarbeitet werden, um eine direkte Personenbeziehbarkeit auszuschlie\u00dfen.<\/span><\/p>\n<p><span style=\"text-decoration: underline;\"><span style=\"font-size: 110%;\">Verwendung von Facebook Social Plugins<\/span><\/span><br \/>\n<span style=\"font-size: 110%;\">Dieses Angebot verwendet Social Plugins (\u201ePlugins\u201c) des sozialen Netzwerkes facebook.com, welches von der Facebook Ireland Ltd., 4 Grand Canal Square, Grand Canal Harbour, Dublin 2, Irland betrieben wird (\u201eFacebook\u201c). Die Plugins sind an einem der Facebook Logos erkennbar (wei\u00dfes \u201ef\u201c auf blauer Kachel, den Begriffen \u201eLike\u201c, \u201eGef\u00e4llt mir\u201c oder einem \u201eDaumen hoch\u201c-Zeichen) oder sind mit dem Zusatz \u201eFacebook Social Plugin\u201c gekennzeichnet. Die Liste und das Aussehen der Facebook Social Plugins kann hier eingesehen werden: https:\/\/developers.facebook.com\/docs\/plugins\/.<\/span><\/p>\n<p><span style=\"font-size: 110%;\">Wenn ein Nutzer eine Webseite dieses Angebots aufruft, die ein solches Plugin enth\u00e4lt, baut sein Browser eine direkte Verbindung mit den Servern von Facebook auf. Der Inhalt des Plugins wird von Facebook direkt an Ihren Browser \u00fcbermittelt und von diesem in die Webseite eingebunden. Der Anbieter hat daher keinen Einfluss auf den Umfang der Daten, die Facebook mit Hilfe dieses Plugins erhebt und informiert die Nutzer daher entsprechend seinem Kenntnisstand:<\/span><\/p>\n<p><span style=\"font-size: 110%;\">Durch die Einbindung der Plugins erh\u00e4lt Facebook die Information, dass ein Nutzer die entsprechende Seite des Angebots aufgerufen hat. Ist der Nutzer bei Facebook eingeloggt, kann Facebook den Besuch seinem Facebook-Konto zuordnen. Wenn Nutzer mit den Plugins interagieren, zum Beispiel den Like Button bet\u00e4tigen oder einen Kommentar abgeben, wird die entsprechende Information von Ihrem Browser direkt an Facebook \u00fcbermittelt und dort gespeichert. Falls ein Nutzer kein Mitglied von Facebook ist, besteht trotzdem die M\u00f6glichkeit, dass Facebook seine IP-Adresse in Erfahrung bringt und speichert. Laut Facebook wird in Deutschland nur eine anonymisierte IP-Adresse gespeichert.<\/span><\/p>\n<p><span style=\"font-size: 110%;\">Zweck und Umfang der Datenerhebung und die weitere Verarbeitung und Nutzung der Daten durch Facebook sowie die diesbez\u00fcglichen Rechte und Einstellungsm\u00f6glichkeiten zum Schutz der Privatsph\u00e4re der Nutzer , k\u00f6nnen diese den Datenschutzhinweisen von Facebook entnehmen: https:\/\/www.facebook.com\/about\/privacy\/.<\/span><\/p>\n<p><span style=\"font-size: 110%;\">Wenn ein Nutzer Facebookmitglied ist und nicht m\u00f6chte, dass Facebook \u00fcber dieses Angebot Daten \u00fcber ihn sammelt und mit seinen bei Facebook gespeicherten Mitgliedsdaten verkn\u00fcpft, muss er sich vor dem Besuch des Internetauftritts bei Facebook ausloggen. Weitere Einstellungen und Widerspr\u00fcche zur Nutzung von Daten f\u00fcr Werbezwecke, sind innerhalb der Facebook-Profileinstellungen m\u00f6glich: https:\/\/www.facebook.com\/settings?tab=ads.<\/span><\/p>\n<p><span style=\"text-decoration: underline;\"><span style=\"font-size: 110%;\">+1 Schaltfl\u00e4che von Google+<\/span><\/span><br \/>\n<span style=\"font-size: 110%;\">Dieses Angebot verwendet die \u201c+1?-Schaltfl\u00e4che des sozialen Netzwerkes Google Plus, welches von der Google Inc., 1600 Amphitheatre Parkway, Mountain View, CA 94043, United States betrieben wird (\u201cGoogle\u201d). Der Button ist an dem Zeichen \u201c+1? auf wei\u00dfem oder farbigen Hintergrund erkennbar.<\/span><\/p>\n<p><span style=\"font-size: 110%;\">Wenn ein Nutzer eine Webseite dieses Angebotes aufruft, die eine solche Schaltfl\u00e4che enth\u00e4lt, baut der Browser eine direkte Verbindung mit den Servern von Google auf. Der Inhalt der \u201c+1?-Schaltfl\u00e4che wird von Google direkt an seinen Browser \u00fcbermittelt und von diesem in die Webseite eingebunden. der Anbieter hat daher keinen Einfluss auf den Umfang der Daten, die Google mit der Schaltfl\u00e4che erhebt. Laut Google werden ohne einen Klick auf die Schaltfl\u00e4che keine personenbezogenen Daten erhoben. Nur bei eingeloggten Mitgliedern, werden solche Daten, unter anderem die IP-Adresse, erhoben und verarbeitet.<\/span><\/p>\n<p><span style=\"font-size: 110%;\">Zweck und Umfang der Datenerhebung und die weitere Verarbeitung und Nutzung der Daten durch Google sowie Ihre diesbez\u00fcglichen Rechte und Einstellungsm\u00f6glichkeiten zum Schutz Ihrer Privatsph\u00e4re k\u00f6nnen die Nutzer Googles Datenschutzhinweisen zu der \u201c+1?-Schaltfl\u00e4che entnehmen: http:\/\/www.google.com\/intl\/de\/+\/policy\/+1button.html und der FAQ: http:\/\/www.google.com\/intl\/de\/+1\/button\/.<\/span><\/p>\n<p><span style=\"text-decoration: underline;\"><span style=\"font-size: 110%;\">Twitter<\/span><\/span><br \/>\n<span style=\"font-size: 110%;\">Dieses Angebot nutzt die Schaltfl\u00e4chen des Dienstes Twitter. Diese Schaltfl\u00e4chen werden angeboten durch die Twitter Inc., 795 Folsom St., Suite 600, San Francisco, CA 94107, USA. Sie sind an Begriffen wie \u201eTwitter\u201c oder \u201eFolge\u201c, verbunden mit einem stillisierten blauen Vogel erkennbar. Mit Hilfe der Schaltfl\u00e4chen ist es m\u00f6glich einen Beitrag oder Seite dieses Angebotes bei Twitter zu teilen oder dem Anbieter bei Twitter zu folgen.<\/span><\/p>\n<p><span style=\"font-size: 110%;\">Wenn ein Nutzer eine Webseite dieses Internetauftritts aufruft, die einen solchen Button enth\u00e4lt, baut sein Browser eine direkte Verbindung mit den Servern von Twitter auf. Der Inhalt des Twitter-Schaltfl\u00e4chen wird von Twitter direkt an den Browser des Nutzers \u00fcbermittelt. Der Anbieter hat daher keinen Einfluss auf den Umfang der Daten, die Twitter mit Hilfe dieses Plugins erhebt und informiert die Nutzer entsprechend seinem Kenntnisstand. Nach diesem wird lediglich die IP-Adresse des Nutzers die URL der jeweiligen Webseite beim Bezug des Buttons mit \u00fcbermittelt, aber nicht f\u00fcr andere Zwecke, als die Darstellung des Buttons, genutzt.<\/span><br \/>\n<span style=\"font-size: 110%;\">Weitere Informationen hierzu finden sich in der Datenschutzerkl\u00e4rung von Twitter unter http:\/\/twitter.com\/privacy.<\/span><\/p>\n<p><span style=\"text-decoration: underline;\"><span style=\"font-size: 110%;\">Jetpack\/Wordpress.com-Stats<\/span><\/span><br \/>\n<span style=\"font-size: 110%;\">Dieses Angebot nutzt Jetpack, ein Tool zur statistischen Auswertung der Besucherzugriffe, betrieben von Automattic, Inc. 132 Hawthorne Street San Francisco, CA 94107, USA, unter Einsatz der Trackingtechnologie von Quantcast Inc., 201 3rd St, Floor 2, San Francisco, CA 94103-3153, USA. WordPress.com-Stats verwendet sog. \u201eCookies\u201c, Textdateien, die auf Ihrem Computer gespeichert werden und die eine Analyse der Benutzung der Website durch Sie erm\u00f6glichen. Die durch den Cookie erzeugten Informationen \u00fcber Ihre Benutzung dieses Internetangebotes werden auf einem Server in den USA gespeichert. Die IP-Adresse wird sofort nach der Verarbeitung und vor deren Speicherung anonymisiert. Sie k\u00f6nnen die Installation der Cookies durch eine entsprechende Einstellung Ihrer Browser Software verhindern; wir weisen Sie jedoch darauf hin, dass Sie in diesem Fall gegebenenfalls nicht s\u00e4mtliche Funktionen dieser Website vollumf\u00e4nglich nutzen k\u00f6nnen. Sie k\u00f6nnen der Erhebung und Nutzung der Daten durch Quantcast mit Wirkung f\u00fcr die Zukunft widersprechen, indem Sie an dieser Stelle durch einen Klick auf den Link \u201eClick here to opt-out\u201c ein Opt-Out-Cookie in Ihrem Browser setzen: http:\/\/www.quantcast.com\/opt-out. Sollten Sie alle Cookies auf Ihrem Rechner l\u00f6schen, m\u00fcssen Sie das Opt-Out-Cookie erneut setzen.<\/span><\/p>\n<p><span style=\"text-decoration: underline;\"><span style=\"font-size: 110%;\">Widerruf, \u00c4nderungen, Berichtigungen und Aktualisierungen<\/span><\/span><br \/>\n<span style=\"font-size: 110%;\">Der Nutzer hat das Recht, auf Antrag unentgeltlich Auskunft zu erhalten \u00fcber die personenbezogenen Daten, die \u00fcber ihn gespeichert wurden. Zus\u00e4tzlich hat der Nutzer das Recht auf Berichtigung unrichtiger Daten, Sperrung und L\u00f6schung seiner personenbezogenen Daten, soweit dem keine gesetzliche Aufbewahrungspflicht entgegensteht.<\/span><\/p>\n<p><span style=\"font-size: 110%;\"><a href=\"https:\/\/datenschutz-generator.de\/\" target=\"_blank\" rel=\"noopener\"><span style=\"color: #008000;\">Quellenangabe:Datenschutz-Muster von Rechtsanwalt Thomas Schwenke \u2013 I LAW it<\/span><\/a><\/span><\/p>\n","protected":false},"excerpt":{"rendered":"<p>Datenschutzerkl\u00e4rung Geltungsbereich Diese Datenschutzerkl\u00e4rung kl\u00e4rt Nutzer \u00fcber die Art, den Umfang und Zwecke der Erhebung und Verwendung personenbezogener Daten durch den verantwortlichen Anbieter Sven Borchardt, Kirchberg 3, 38879 Wernigerode\/ OT Schierke, Tel. 039455-589756, sb[at]schierke.net\u00a0auf dieser Website (im folgenden \u201cAngebot\u201d) auf. Die rechtlichen Grundlagen des Datenschutzes finden sich im Bundesdatenschutzgesetz (BDSG) und dem Telemediengesetz (TMG). Zugriffsdaten\/ &hellip; <\/p>\n<p class=\"link-more\"><a href=\"https:\/\/schierke.net\/?page_id=45\" class=\"more-link\">Mehr <span class=\"screen-reader-text\">\u00fcber &#8222;Datenschutzerkl\u00e4rung&#8220; <\/span>Lesen<\/a><\/p>\n","protected":false},"author":1,"featured_media":0,"parent":0,"menu_order":0,"comment_status":"closed","ping_status":"closed","template":"","meta":{"footnotes":""},"class_list":["post-45","page","type-page","status-publish","hentry"],"_links":{"self":[{"href":"https:\/\/schierke.net\/index.php?rest_route=\/wp\/v2\/pages\/45","targetHints":{"allow":["GET"]}}],"collection":[{"href":"https:\/\/schierke.net\/index.php?rest_route=\/wp\/v2\/pages"}],"about":[{"href":"https:\/\/schierke.net\/index.php?rest_route=\/wp\/v2\/types\/page"}],"author":[{"embeddable":true,"href":"https:\/\/schierke.net\/index.php?rest_route=\/wp\/v2\/users\/1"}],"replies":[{"embeddable":true,"href":"https:\/\/schierke.net\/index.php?rest_route=%2Fwp%2Fv2%2Fcomments&post=45"}],"version-history":[{"count":4,"href":"https:\/\/schierke.net\/index.php?rest_route=\/wp\/v2\/pages\/45\/revisions"}],"predecessor-version":[{"id":67,"href":"https:\/\/schierke.net\/index.php?rest_route=\/wp\/v2\/pages\/45\/revisions\/67"}],"wp:attachment":[{"href":"https:\/\/schierke.net\/index.php?rest_route=%2Fwp%2Fv2%2Fmedia&parent=45"}],"curies":[{"name":"wp","href":"https:\/\/api.w.org\/{rel}","templated":true}]}}